{"id":288,"date":"2026-03-19T22:01:33","date_gmt":"2026-03-19T22:01:33","guid":{"rendered":"https:\/\/nganhandmade.io.vn\/?post_type=product&#038;p=288"},"modified":"2026-03-19T22:01:33","modified_gmt":"2026-03-19T22:01:33","slug":"vi-len-tim-xinh-handmade","status":"publish","type":"product","link":"https:\/\/nganhandmade.io.vn\/?product=vi-len-tim-xinh-handmade","title":{"rendered":"V\u00ed len Tim Xinh Handmade"},"content":{"rendered":"<p data-start=\"157\" data-end=\"369\">\u2728 M\u1ed9t chi\u1ebfc t\u00fai len nh\u1ecf xinh nh\u01b0ng \u201c\u0111\u1ed1n tim\u201d ngay t\u1eeb c\u00e1i nh\u00ecn \u0111\u1ea7u ti\u00ean!<br data-start=\"228\" data-end=\"231\" \/>V\u1edbi thi\u1ebft k\u1ebf m\u00f3c len th\u1ee7 c\u00f4ng k\u1ebft h\u1ee3p nh\u1eefng <strong data-start=\"275\" data-end=\"302\">h\u1ecda ti\u1ebft tr\u00e1i tim li ti<\/strong>, s\u1ea3n ph\u1ea9m mang l\u1ea1i c\u1ea3m gi\u00e1c \u1ea5m \u00e1p, d\u1ec5 th\u01b0\u01a1ng v\u00e0 c\u1ef1c k\u1ef3 \u0111\u00e1ng y\u00eau \ud83d\udc96<\/p>\n<h3 data-section-id=\"1988cct\" data-start=\"376\" data-end=\"413\">\ud83d\udc95 <strong data-start=\"383\" data-end=\"413\">\u0110i\u1ec3m n\u1ed5i b\u1eadt c\u1ee7a s\u1ea3n ph\u1ea9m:<\/strong><\/h3>\n<ul data-start=\"414\" data-end=\"629\">\n<li data-section-id=\"10kxp8z\" data-start=\"414\" data-end=\"472\">\n<p data-start=\"416\" data-end=\"472\">Thi\u1ebft k\u1ebf <strong data-start=\"425\" data-end=\"442\">handmade 100%<\/strong>, t\u1ec9 m\u1ec9 trong t\u1eebng \u0111\u01b0\u1eddng m\u00f3c<\/p>\n<\/li>\n<li data-section-id=\"1bo388n\" data-start=\"473\" data-end=\"528\">\n<p data-start=\"475\" data-end=\"528\">H\u1ecda ti\u1ebft <strong data-start=\"484\" data-end=\"505\">tr\u00e1i tim nh\u1ecf xinh<\/strong> n\u1ed5i b\u1eadt tr\u00ean n\u1ec1n len<\/p>\n<\/li>\n<li data-section-id=\"u4mnrj\" data-start=\"529\" data-end=\"574\">\n<p data-start=\"531\" data-end=\"574\">Form t\u00fai g\u1ecdn g\u00e0ng, xinh x\u1eafn, d\u1ec5 mang theo<\/p>\n<\/li>\n<li data-section-id=\"1knwd57\" data-start=\"575\" data-end=\"629\">\n<p data-start=\"577\" data-end=\"629\">M\u00e0u s\u1eafc ng\u1ecdt ng\u00e0o: \u0111\u1ecf n\u1ed5i b\u1eadt, tr\u1eafng kem nh\u1eb9 nh\u00e0ng<\/p>\n<\/li>\n<\/ul>\n<h3 data-section-id=\"1a1hg58\" data-start=\"636\" data-end=\"666\">\ud83c\udf38 <strong data-start=\"643\" data-end=\"666\">C\u00f4ng d\u1ee5ng ti\u1ec7n l\u1ee3i:<\/strong><\/h3>\n<ul data-start=\"667\" data-end=\"807\">\n<li data-section-id=\"zh9ugn\" data-start=\"667\" data-end=\"714\">\n<p data-start=\"669\" data-end=\"714\">\u0110\u1ef1ng <strong data-start=\"674\" data-end=\"700\">son, tai nghe, ti\u1ec1n l\u1ebb<\/strong> ho\u1eb7c \u0111\u1ed3 nh\u1ecf<\/p>\n<\/li>\n<li data-section-id=\"1mjq5uv\" data-start=\"715\" data-end=\"752\">\n<p data-start=\"717\" data-end=\"752\">L\u00e0m ph\u1ee5 ki\u1ec7n ch\u1ee5p \u1ea3nh \ud83d\udcf8 c\u1ef1c xinh<\/p>\n<\/li>\n<li data-section-id=\"6uag60\" data-start=\"753\" data-end=\"807\">\n<p data-start=\"755\" data-end=\"807\">C\u00f3 th\u1ec3 m\u00f3c v\u00e0o t\u00fai x\u00e1ch ho\u1eb7c mang theo nh\u01b0 v\u00ed mini<\/p>\n<\/li>\n<\/ul>\n<h3 data-section-id=\"1ydkous\" data-start=\"814\" data-end=\"846\">\ud83c\udf81 <strong data-start=\"821\" data-end=\"846\">Ph\u00f9 h\u1ee3p l\u00e0m qu\u00e0 t\u1eb7ng:<\/strong><\/h3>\n<p data-start=\"847\" data-end=\"890\">M\u1ed9t m\u00f3n qu\u00e0 nh\u1ecf nh\u01b0ng \u0111\u1ea7y \u00fd ngh\u0129a d\u00e0nh cho:<\/p>\n<ul data-start=\"891\" data-end=\"957\">\n<li data-section-id=\"zazsp5\" data-start=\"891\" data-end=\"905\">\n<p data-start=\"893\" data-end=\"905\">B\u1ea1n g\u00e1i \ud83d\udc9e<\/p>\n<\/li>\n<li data-section-id=\"1yjr7qh\" data-start=\"906\" data-end=\"921\">\n<p data-start=\"908\" data-end=\"921\">B\u1ea1n th\u00e2n \ud83c\udf80<\/p>\n<\/li>\n<li data-section-id=\"wxu0j3\" data-start=\"922\" data-end=\"957\">\n<p data-start=\"924\" data-end=\"957\">Ho\u1eb7c t\u1ef1 th\u01b0\u1edfng cho ch\u00ednh m\u00ecnh \u2728<\/p>\n<\/li>\n<\/ul>\n<p data-start=\"924\" data-end=\"957\"><span style=\"font-size: 20.16px; color: #333333;\">\ud83d\udccc <\/span><strong style=\"font-size: 20.16px; color: #333333;\" data-start=\"971\" data-end=\"994\">Th\u00f4ng tin s\u1ea3n ph\u1ea9m:<\/strong><\/p>\n<p data-start=\"997\" data-end=\"1021\">Ch\u1ea5t li\u1ec7u: Len s\u1ee3i m\u1ec1m<\/p>\n<ul data-start=\"995\" data-end=\"1113\">\n<li data-section-id=\"1xwiy8a\" data-start=\"1022\" data-end=\"1066\">\n<p data-start=\"1024\" data-end=\"1066\">K\u00edch th\u01b0\u1edbc: Nh\u1ecf g\u1ecdn (\u0111\u1ef1ng v\u1eadt d\u1ee5ng mini)<\/p>\n<\/li>\n<li data-section-id=\"ye3qa0\" data-start=\"1067\" data-end=\"1113\">\n<p data-start=\"1069\" data-end=\"1113\">Phong c\u00e1ch: D\u1ec5 th\u01b0\u01a1ng \u2013 handmade \u2013 vintage<\/p>\n<\/li>\n<\/ul>\n<h3 data-section-id=\"vuqpg3\" data-start=\"1120\" data-end=\"1157\">\ud83d\udc8c <strong data-start=\"1127\" data-end=\"1157\">Cam k\u1ebft t\u1eeb Maison Belleza:<\/strong><\/h3>\n<ul data-start=\"1158\" data-end=\"1243\">\n<li data-section-id=\"yisz9a\" data-start=\"1158\" data-end=\"1181\">\n<p data-start=\"1160\" data-end=\"1181\">S\u1ea3n ph\u1ea9m gi\u1ed1ng h\u00ecnh<\/p>\n<\/li>\n<li data-section-id=\"148g2tx\" data-start=\"1182\" data-end=\"1212\">\n<p data-start=\"1184\" data-end=\"1212\">Ki\u1ec3m tra k\u1ef9 tr\u01b0\u1edbc khi giao<\/p>\n<\/li>\n<li data-section-id=\"8se4uq\" data-start=\"1213\" data-end=\"1243\">\n<p data-start=\"1215\" data-end=\"1243\">H\u1ed7 tr\u1ee3 \u0111\u1ed5i n\u1ebfu l\u1ed7i t\u1eeb shop<\/p>\n<\/li>\n<\/ul>\n<p data-start=\"1250\" data-end=\"1341\">\ud83d\udc96 M\u1ed9t chi\u1ebfc t\u00fai len nh\u1ecf xinh \u2013 v\u1eeba ti\u1ec7n l\u1ee3i v\u1eeba gi\u00fap b\u1ea1n \u201cn\u00e2ng c\u1ea5p \u0111\u1ed9 d\u1ec5 th\u01b0\u01a1ng\u201d m\u1ed7i ng\u00e0y!<\/p>\n","protected":false},"excerpt":{"rendered":"<p>\ud83c\udf80 T\u00fai len handmade h\u1ecda ti\u1ebft tim si\u00eau xinh \ud83d\udc96<br data-start=\"1432\" data-end=\"1435\" \/>\ud83c\udf38 Nh\u1ecf g\u1ecdn, ti\u1ec7n \u0111\u1ef1ng son \u2013 tai nghe \u2013 ti\u1ec1n l\u1ebb<br data-start=\"1481\" data-end=\"1484\" \/>\u2728 Vibe d\u1ec5 th\u01b0\u01a1ng, mang theo l\u00e0 xinh li\u1ec1n!<\/p>\n","protected":false},"featured_media":291,"comment_status":"open","ping_status":"closed","template":"","meta":[],"product_brand":[],"product_cat":[21],"product_tag":[],"class_list":{"0":"post-288","1":"product","2":"type-product","3":"status-publish","4":"has-post-thumbnail","6":"product_cat-len-nho-xinh","8":"first","9":"instock","10":"sale","11":"shipping-taxable","12":"purchasable","13":"product-type-simple"},"yoast_head":"<!-- This site is optimized with the Yoast SEO plugin v27.3 - https:\/\/yoast.com\/product\/yoast-seo-wordpress\/ -->\n<title>V\u00ed len Tim Xinh Handmade -<\/title>\n<meta name=\"robots\" content=\"index, follow, max-snippet:-1, max-image-preview:large, max-video-preview:-1\" \/>\n<link rel=\"canonical\" href=\"https:\/\/nganhandmade.io.vn\/?product=vi-len-tim-xinh-handmade\" \/>\n<meta property=\"og:locale\" content=\"vi_VN\" \/>\n<meta property=\"og:type\" content=\"article\" \/>\n<meta property=\"og:title\" content=\"V\u00ed len Tim Xinh Handmade -\" \/>\n<meta property=\"og:description\" content=\"\ud83c\udf80 T\u00fai len handmade h\u1ecda ti\u1ebft tim si\u00eau xinh \ud83d\udc96\ud83c\udf38 Nh\u1ecf g\u1ecdn, ti\u1ec7n \u0111\u1ef1ng son \u2013 tai nghe \u2013 ti\u1ec1n l\u1ebb\u2728 Vibe d\u1ec5 th\u01b0\u01a1ng, mang theo l\u00e0 xinh li\u1ec1n!\" \/>\n<meta property=\"og:url\" content=\"https:\/\/nganhandmade.io.vn\/?product=vi-len-tim-xinh-handmade\" \/>\n<meta property=\"og:image\" content=\"https:\/\/nganhandmade.io.vn\/wp-content\/uploads\/2026\/03\/6919c76d5f2d55e6fb23fe35aec99c3d.jpg\" \/>\n\t<meta property=\"og:image:width\" content=\"736\" \/>\n\t<meta property=\"og:image:height\" content=\"981\" \/>\n\t<meta property=\"og:image:type\" content=\"image\/jpeg\" \/>\n<meta name=\"twitter:card\" content=\"summary_large_image\" \/>\n<meta name=\"twitter:label1\" content=\"\u01af\u1edbc t\u00ednh th\u1eddi gian \u0111\u1ecdc\" \/>\n\t<meta name=\"twitter:data1\" content=\"2 ph\u00fat\" \/>\n<script type=\"application\/ld+json\" class=\"yoast-schema-graph\">{\"@context\":\"https:\\\/\\\/schema.org\",\"@graph\":[{\"@type\":\"WebPage\",\"@id\":\"https:\\\/\\\/nganhandmade.io.vn\\\/?product=vi-len-tim-xinh-handmade\",\"url\":\"https:\\\/\\\/nganhandmade.io.vn\\\/?product=vi-len-tim-xinh-handmade\",\"name\":\"V\u00ed len Tim Xinh Handmade -\",\"isPartOf\":{\"@id\":\"https:\\\/\\\/nganhandmade.io.vn\\\/#website\"},\"primaryImageOfPage\":{\"@id\":\"https:\\\/\\\/nganhandmade.io.vn\\\/?product=vi-len-tim-xinh-handmade#primaryimage\"},\"image\":{\"@id\":\"https:\\\/\\\/nganhandmade.io.vn\\\/?product=vi-len-tim-xinh-handmade#primaryimage\"},\"thumbnailUrl\":\"https:\\\/\\\/nganhandmade.io.vn\\\/wp-content\\\/uploads\\\/2026\\\/03\\\/6919c76d5f2d55e6fb23fe35aec99c3d.jpg\",\"datePublished\":\"2026-03-19T22:01:33+00:00\",\"breadcrumb\":{\"@id\":\"https:\\\/\\\/nganhandmade.io.vn\\\/?product=vi-len-tim-xinh-handmade#breadcrumb\"},\"inLanguage\":\"vi\",\"potentialAction\":[{\"@type\":\"ReadAction\",\"target\":[\"https:\\\/\\\/nganhandmade.io.vn\\\/?product=vi-len-tim-xinh-handmade\"]}]},{\"@type\":\"ImageObject\",\"inLanguage\":\"vi\",\"@id\":\"https:\\\/\\\/nganhandmade.io.vn\\\/?product=vi-len-tim-xinh-handmade#primaryimage\",\"url\":\"https:\\\/\\\/nganhandmade.io.vn\\\/wp-content\\\/uploads\\\/2026\\\/03\\\/6919c76d5f2d55e6fb23fe35aec99c3d.jpg\",\"contentUrl\":\"https:\\\/\\\/nganhandmade.io.vn\\\/wp-content\\\/uploads\\\/2026\\\/03\\\/6919c76d5f2d55e6fb23fe35aec99c3d.jpg\",\"width\":736,\"height\":981},{\"@type\":\"BreadcrumbList\",\"@id\":\"https:\\\/\\\/nganhandmade.io.vn\\\/?product=vi-len-tim-xinh-handmade#breadcrumb\",\"itemListElement\":[{\"@type\":\"ListItem\",\"position\":1,\"name\":\"Trang ch\u1ee7\",\"item\":\"https:\\\/\\\/nganhandmade.io.vn\\\/\"},{\"@type\":\"ListItem\",\"position\":2,\"name\":\"Shop\",\"item\":\"https:\\\/\\\/nganhandmade.io.vn\\\/?page_id=93\"},{\"@type\":\"ListItem\",\"position\":3,\"name\":\"V\u00ed len Tim Xinh Handmade\"}]},{\"@type\":\"WebSite\",\"@id\":\"https:\\\/\\\/nganhandmade.io.vn\\\/#website\",\"url\":\"https:\\\/\\\/nganhandmade.io.vn\\\/\",\"name\":\"\",\"description\":\"\",\"potentialAction\":[{\"@type\":\"SearchAction\",\"target\":{\"@type\":\"EntryPoint\",\"urlTemplate\":\"https:\\\/\\\/nganhandmade.io.vn\\\/?s={search_term_string}\"},\"query-input\":{\"@type\":\"PropertyValueSpecification\",\"valueRequired\":true,\"valueName\":\"search_term_string\"}}],\"inLanguage\":\"vi\"}]}<\/script>\n<!-- \/ Yoast SEO plugin. -->","yoast_head_json":{"title":"V\u00ed len Tim Xinh Handmade -","robots":{"index":"index","follow":"follow","max-snippet":"max-snippet:-1","max-image-preview":"max-image-preview:large","max-video-preview":"max-video-preview:-1"},"canonical":"https:\/\/nganhandmade.io.vn\/?product=vi-len-tim-xinh-handmade","og_locale":"vi_VN","og_type":"article","og_title":"V\u00ed len Tim Xinh Handmade -","og_description":"\ud83c\udf80 T\u00fai len handmade h\u1ecda ti\u1ebft tim si\u00eau xinh \ud83d\udc96\ud83c\udf38 Nh\u1ecf g\u1ecdn, ti\u1ec7n \u0111\u1ef1ng son \u2013 tai nghe \u2013 ti\u1ec1n l\u1ebb\u2728 Vibe d\u1ec5 th\u01b0\u01a1ng, mang theo l\u00e0 xinh li\u1ec1n!","og_url":"https:\/\/nganhandmade.io.vn\/?product=vi-len-tim-xinh-handmade","og_image":[{"width":736,"height":981,"url":"https:\/\/nganhandmade.io.vn\/wp-content\/uploads\/2026\/03\/6919c76d5f2d55e6fb23fe35aec99c3d.jpg","type":"image\/jpeg"}],"twitter_card":"summary_large_image","twitter_misc":{"\u01af\u1edbc t\u00ednh th\u1eddi gian \u0111\u1ecdc":"2 ph\u00fat"},"schema":{"@context":"https:\/\/schema.org","@graph":[{"@type":"WebPage","@id":"https:\/\/nganhandmade.io.vn\/?product=vi-len-tim-xinh-handmade","url":"https:\/\/nganhandmade.io.vn\/?product=vi-len-tim-xinh-handmade","name":"V\u00ed len Tim Xinh Handmade -","isPartOf":{"@id":"https:\/\/nganhandmade.io.vn\/#website"},"primaryImageOfPage":{"@id":"https:\/\/nganhandmade.io.vn\/?product=vi-len-tim-xinh-handmade#primaryimage"},"image":{"@id":"https:\/\/nganhandmade.io.vn\/?product=vi-len-tim-xinh-handmade#primaryimage"},"thumbnailUrl":"https:\/\/nganhandmade.io.vn\/wp-content\/uploads\/2026\/03\/6919c76d5f2d55e6fb23fe35aec99c3d.jpg","datePublished":"2026-03-19T22:01:33+00:00","breadcrumb":{"@id":"https:\/\/nganhandmade.io.vn\/?product=vi-len-tim-xinh-handmade#breadcrumb"},"inLanguage":"vi","potentialAction":[{"@type":"ReadAction","target":["https:\/\/nganhandmade.io.vn\/?product=vi-len-tim-xinh-handmade"]}]},{"@type":"ImageObject","inLanguage":"vi","@id":"https:\/\/nganhandmade.io.vn\/?product=vi-len-tim-xinh-handmade#primaryimage","url":"https:\/\/nganhandmade.io.vn\/wp-content\/uploads\/2026\/03\/6919c76d5f2d55e6fb23fe35aec99c3d.jpg","contentUrl":"https:\/\/nganhandmade.io.vn\/wp-content\/uploads\/2026\/03\/6919c76d5f2d55e6fb23fe35aec99c3d.jpg","width":736,"height":981},{"@type":"BreadcrumbList","@id":"https:\/\/nganhandmade.io.vn\/?product=vi-len-tim-xinh-handmade#breadcrumb","itemListElement":[{"@type":"ListItem","position":1,"name":"Trang ch\u1ee7","item":"https:\/\/nganhandmade.io.vn\/"},{"@type":"ListItem","position":2,"name":"Shop","item":"https:\/\/nganhandmade.io.vn\/?page_id=93"},{"@type":"ListItem","position":3,"name":"V\u00ed len Tim Xinh Handmade"}]},{"@type":"WebSite","@id":"https:\/\/nganhandmade.io.vn\/#website","url":"https:\/\/nganhandmade.io.vn\/","name":"","description":"","potentialAction":[{"@type":"SearchAction","target":{"@type":"EntryPoint","urlTemplate":"https:\/\/nganhandmade.io.vn\/?s={search_term_string}"},"query-input":{"@type":"PropertyValueSpecification","valueRequired":true,"valueName":"search_term_string"}}],"inLanguage":"vi"}]}},"jetpack_sharing_enabled":true,"_links":{"self":[{"href":"https:\/\/nganhandmade.io.vn\/index.php?rest_route=\/wp\/v2\/product\/288","targetHints":{"allow":["GET"]}}],"collection":[{"href":"https:\/\/nganhandmade.io.vn\/index.php?rest_route=\/wp\/v2\/product"}],"about":[{"href":"https:\/\/nganhandmade.io.vn\/index.php?rest_route=\/wp\/v2\/types\/product"}],"replies":[{"embeddable":true,"href":"https:\/\/nganhandmade.io.vn\/index.php?rest_route=%2Fwp%2Fv2%2Fcomments&post=288"}],"wp:featuredmedia":[{"embeddable":true,"href":"https:\/\/nganhandmade.io.vn\/index.php?rest_route=\/wp\/v2\/media\/291"}],"wp:attachment":[{"href":"https:\/\/nganhandmade.io.vn\/index.php?rest_route=%2Fwp%2Fv2%2Fmedia&parent=288"}],"wp:term":[{"taxonomy":"product_brand","embeddable":true,"href":"https:\/\/nganhandmade.io.vn\/index.php?rest_route=%2Fwp%2Fv2%2Fproduct_brand&post=288"},{"taxonomy":"product_cat","embeddable":true,"href":"https:\/\/nganhandmade.io.vn\/index.php?rest_route=%2Fwp%2Fv2%2Fproduct_cat&post=288"},{"taxonomy":"product_tag","embeddable":true,"href":"https:\/\/nganhandmade.io.vn\/index.php?rest_route=%2Fwp%2Fv2%2Fproduct_tag&post=288"}],"curies":[{"name":"wp","href":"https:\/\/api.w.org\/{rel}","templated":true}]}}