{"id":194,"date":"2026-03-12T18:57:51","date_gmt":"2026-03-12T18:57:51","guid":{"rendered":"https:\/\/nganhandmade.io.vn\/?post_type=product&#038;p=194"},"modified":"2026-03-19T22:32:43","modified_gmt":"2026-03-19T22:32:43","slug":"cute-crochet-animal-thu-len-handmade-mini","status":"publish","type":"product","link":"https:\/\/nganhandmade.io.vn\/?product=cute-crochet-animal-thu-len-handmade-mini","title":{"rendered":"Cute Crochet Animal \u2013 Th\u00fa Len Handmade Mini"},"content":{"rendered":"<p data-start=\"52\" data-end=\"342\"><span class=\"BZ_Pyq_fadeIn\">Little <\/span><span class=\"BZ_Pyq_fadeIn\">Crochet <\/span><span class=\"BZ_Pyq_fadeIn\">Friends <\/span><span class=\"BZ_Pyq_fadeIn\">l\u00e0 <\/span><span class=\"BZ_Pyq_fadeIn\">nh\u1eefng <\/span><span class=\"BZ_Pyq_fadeIn\">ch\u00fa <\/span><span class=\"BZ_Pyq_fadeIn\">th\u00fa <\/span><span class=\"BZ_Pyq_fadeIn\">len <\/span><span class=\"BZ_Pyq_fadeIn\">mini <\/span><span class=\"BZ_Pyq_fadeIn\">\u0111\u01b0\u1ee3c <\/span><span class=\"BZ_Pyq_fadeIn\">m\u00f3c <\/span><span class=\"BZ_Pyq_fadeIn\">th\u1ee7 <\/span><span class=\"BZ_Pyq_fadeIn\">c\u00f4ng <\/span><span class=\"BZ_Pyq_fadeIn\">t\u1ec9 <\/span><span class=\"BZ_Pyq_fadeIn\">m\u1ec9 <\/span><span class=\"BZ_Pyq_fadeIn\">t\u1eeb <\/span><span class=\"BZ_Pyq_fadeIn\">s\u1ee3i <\/span><span class=\"BZ_Pyq_fadeIn\">len <\/span><span class=\"BZ_Pyq_fadeIn\">m\u1ec1m <\/span><span class=\"BZ_Pyq_fadeIn\">m\u1ea1i, <\/span><span class=\"BZ_Pyq_fadeIn\">mang <\/span><span class=\"BZ_Pyq_fadeIn\">phong <\/span><span class=\"BZ_Pyq_fadeIn\">c\u00e1ch <\/span><span class=\"BZ_Pyq_fadeIn\">\u0111\u00e1ng <\/span><span class=\"BZ_Pyq_fadeIn\">y\u00eau <\/span><span class=\"BZ_Pyq_fadeIn\">v\u00e0 <\/span><span class=\"BZ_Pyq_fadeIn\">\u1ea5m <\/span><span class=\"BZ_Pyq_fadeIn\">\u00e1p. <\/span><span class=\"BZ_Pyq_fadeIn\">V\u1edbi <\/span><span class=\"BZ_Pyq_fadeIn\">thi\u1ebft <\/span><span class=\"BZ_Pyq_fadeIn\">k\u1ebf <\/span><span class=\"BZ_Pyq_fadeIn\">nh\u1ecf <\/span><span class=\"BZ_Pyq_fadeIn\">g\u1ecdn <\/span><span class=\"BZ_Pyq_fadeIn\">c\u00f9ng <\/span><span class=\"BZ_Pyq_fadeIn\">m\u00e0u <\/span><span class=\"BZ_Pyq_fadeIn\">s\u1eafc <\/span><span class=\"BZ_Pyq_fadeIn\">nh\u1eb9 <\/span><span class=\"BZ_Pyq_fadeIn\">nh\u00e0ng, <\/span><span class=\"BZ_Pyq_fadeIn\">s\u1ea3n <\/span><span class=\"BZ_Pyq_fadeIn\">ph\u1ea9m <\/span><span class=\"BZ_Pyq_fadeIn\">kh\u00f4ng <\/span><span class=\"BZ_Pyq_fadeIn\">ch\u1ec9 <\/span><span class=\"BZ_Pyq_fadeIn\">l\u00e0 <\/span><span class=\"BZ_Pyq_fadeIn\">m\u00f3n <\/span><span class=\"BZ_Pyq_fadeIn\">\u0111\u1ed3 <\/span><span class=\"BZ_Pyq_fadeIn\">trang <\/span><span class=\"BZ_Pyq_fadeIn\">tr\u00ed <\/span><span class=\"BZ_Pyq_fadeIn\">xinh <\/span><span class=\"BZ_Pyq_fadeIn\">x\u1eafn <\/span><span class=\"BZ_Pyq_fadeIn\">m\u00e0 <\/span><span class=\"BZ_Pyq_fadeIn\">c\u00f2n <\/span><span class=\"BZ_Pyq_fadeIn\">l\u00e0 <\/span><span class=\"BZ_Pyq_fadeIn\">m\u00f3n <\/span><span class=\"BZ_Pyq_fadeIn\">qu\u00e0 <\/span><span class=\"BZ_Pyq_fadeIn\">\u00fd <\/span><span class=\"BZ_Pyq_fadeIn\">ngh\u0129a <\/span><span class=\"BZ_Pyq_fadeIn\">d\u00e0nh <\/span><span class=\"BZ_Pyq_fadeIn\">cho <\/span><span class=\"BZ_Pyq_fadeIn\">nh\u1eefng <\/span><span class=\"BZ_Pyq_fadeIn\">ng\u01b0\u1eddi <\/span><span class=\"BZ_Pyq_fadeIn\">y\u00eau <\/span><span class=\"BZ_Pyq_fadeIn\">th\u00edch <\/span><span class=\"BZ_Pyq_fadeIn\">\u0111\u1ed3 <\/span><span class=\"BZ_Pyq_fadeIn\">handmade.<\/span><\/p>\n<p data-start=\"344\" data-end=\"622\"><span class=\"BZ_Pyq_fadeIn\">M\u1ed7i <\/span><span class=\"BZ_Pyq_fadeIn\">ch\u00fa <\/span><span class=\"BZ_Pyq_fadeIn\">th\u00fa <\/span><span class=\"BZ_Pyq_fadeIn\">len <\/span><span class=\"BZ_Pyq_fadeIn\">nh\u01b0 <\/span><span class=\"BZ_Pyq_fadeIn\">g\u1ea5u, <\/span><span class=\"BZ_Pyq_fadeIn\">th\u1ecf <\/span><span class=\"BZ_Pyq_fadeIn\">ho\u1eb7c <\/span><span class=\"BZ_Pyq_fadeIn\">tr\u00e1i <\/span><span class=\"BZ_Pyq_fadeIn\">tim <\/span><span class=\"BZ_Pyq_fadeIn\">len <\/span><span class=\"BZ_Pyq_fadeIn\">\u0111\u1ec1u <\/span><span class=\"BZ_Pyq_fadeIn\">\u0111\u01b0\u1ee3c <\/span><span class=\"BZ_Pyq_fadeIn\">t\u1ea1o <\/span><span class=\"BZ_Pyq_fadeIn\">h\u00ecnh <\/span><span class=\"BZ_Pyq_fadeIn\">c\u1ea9n <\/span><span class=\"BZ_Pyq_fadeIn\">th\u1eadn <\/span><span class=\"BZ_Pyq_fadeIn\">v\u1edbi <\/span><span class=\"BZ_Pyq_fadeIn\">t\u1eebng <\/span><span class=\"BZ_Pyq_fadeIn\">\u0111\u01b0\u1eddng <\/span><span class=\"BZ_Pyq_fadeIn\">m\u00f3c <\/span><span class=\"BZ_Pyq_fadeIn\">ch\u1eafc <\/span><span class=\"BZ_Pyq_fadeIn\">ch\u1eafn, <\/span><span class=\"BZ_Pyq_fadeIn\">mang <\/span><span class=\"BZ_Pyq_fadeIn\">\u0111\u1ebfn <\/span><span class=\"BZ_Pyq_fadeIn\">v\u1ebb <\/span><span class=\"BZ_Pyq_fadeIn\">ngo\u00e0i <\/span><span class=\"BZ_Pyq_fadeIn\">d\u1ec5 <\/span><span class=\"BZ_Pyq_fadeIn\">th\u01b0\u01a1ng <\/span><span class=\"BZ_Pyq_fadeIn\">v\u00e0 <\/span><span class=\"BZ_Pyq_fadeIn\">tinh <\/span><span class=\"BZ_Pyq_fadeIn\">t\u1ebf. <\/span><span class=\"BZ_Pyq_fadeIn\">S\u1ea3n <\/span><span class=\"BZ_Pyq_fadeIn\">ph\u1ea9m <\/span><span class=\"BZ_Pyq_fadeIn\">\u0111\u01b0\u1ee3c <\/span><span class=\"BZ_Pyq_fadeIn\">\u0111\u1eb7t <\/span><span class=\"BZ_Pyq_fadeIn\">trong <\/span><span class=\"BZ_Pyq_fadeIn\">h\u1ed9p <\/span><span class=\"BZ_Pyq_fadeIn\">qu\u00e0 <\/span><span class=\"BZ_Pyq_fadeIn\">nh\u1ecf <\/span><span class=\"BZ_Pyq_fadeIn\">g\u1ecdn, <\/span><span class=\"BZ_Pyq_fadeIn\">trang <\/span><span class=\"BZ_Pyq_fadeIn\">tr\u00ed <\/span><span class=\"BZ_Pyq_fadeIn\">\u0111\u1eb9p <\/span><span class=\"BZ_Pyq_fadeIn\">m\u1eaft, <\/span><span class=\"BZ_Pyq_fadeIn\">gi\u00fap <\/span><span class=\"BZ_Pyq_fadeIn\">t\u0103ng <\/span><span class=\"BZ_Pyq_fadeIn\">th\u00eam <\/span><span class=\"BZ_Pyq_fadeIn\">s\u1ef1 <\/span><span class=\"BZ_Pyq_fadeIn\">\u0111\u1eb7c <\/span><span class=\"BZ_Pyq_fadeIn\">bi\u1ec7t <\/span><span class=\"BZ_Pyq_fadeIn\">khi <\/span><span class=\"BZ_Pyq_fadeIn\">t\u1eb7ng <\/span><span class=\"BZ_Pyq_fadeIn\">cho <\/span><span class=\"BZ_Pyq_fadeIn\">b\u1ea1n <\/span><span class=\"BZ_Pyq_fadeIn\">b\u00e8, <\/span><span class=\"BZ_Pyq_fadeIn\">ng\u01b0\u1eddi <\/span><span class=\"BZ_Pyq_fadeIn\">th\u00e2n <\/span><span class=\"BZ_Pyq_fadeIn\">ho\u1eb7c <\/span><span class=\"BZ_Pyq_fadeIn\">ng\u01b0\u1eddi <\/span><span class=\"BZ_Pyq_fadeIn\">y\u00eau.<\/span><\/p>\n<p data-start=\"624\" data-end=\"645\"><strong data-start=\"624\" data-end=\"645\"><span class=\"BZ_Pyq_fadeIn\">\u0110\u1eb7c <\/span><span class=\"BZ_Pyq_fadeIn\">\u0111i\u1ec3m <\/span><span class=\"BZ_Pyq_fadeIn\">n\u1ed5i <\/span><span class=\"BZ_Pyq_fadeIn\">b\u1eadt:<\/span><\/strong><\/p>\n<ul data-start=\"646\" data-end=\"811\">\n<li data-section-id=\"9dpjmd\" data-start=\"646\" data-end=\"681\">\n<p data-start=\"648\" data-end=\"681\"><span class=\"BZ_Pyq_fadeIn\">M\u00f3c <\/span><span class=\"BZ_Pyq_fadeIn\">th\u1ee7 <\/span><span class=\"BZ_Pyq_fadeIn\">c\u00f4ng <\/span><span class=\"BZ_Pyq_fadeIn\">t\u1eeb <\/span><span class=\"BZ_Pyq_fadeIn\">s\u1ee3i <\/span><span class=\"BZ_Pyq_fadeIn\">len <\/span><span class=\"BZ_Pyq_fadeIn\">m\u1ec1m <\/span><span class=\"BZ_Pyq_fadeIn\">m\u1ea1i<\/span><\/p>\n<\/li>\n<li data-section-id=\"vpop8\" data-start=\"682\" data-end=\"718\">\n<p data-start=\"684\" data-end=\"718\"><span class=\"BZ_Pyq_fadeIn\">Thi\u1ebft <\/span><span class=\"BZ_Pyq_fadeIn\">k\u1ebf <\/span><span class=\"BZ_Pyq_fadeIn\">mini <\/span><span class=\"BZ_Pyq_fadeIn\">nh\u1ecf <\/span><span class=\"BZ_Pyq_fadeIn\">xinh, <\/span><span class=\"BZ_Pyq_fadeIn\">\u0111\u00e1ng <\/span><span class=\"BZ_Pyq_fadeIn\">y\u00eau<\/span><\/p>\n<\/li>\n<li data-section-id=\"75ng3p\" data-start=\"719\" data-end=\"766\">\n<p data-start=\"721\" data-end=\"766\"><span class=\"BZ_Pyq_fadeIn\">M\u00e0u <\/span><span class=\"BZ_Pyq_fadeIn\">s\u1eafc <\/span><span class=\"BZ_Pyq_fadeIn\">nh\u1eb9 <\/span><span class=\"BZ_Pyq_fadeIn\">nh\u00e0ng, <\/span><span class=\"BZ_Pyq_fadeIn\">ph\u00f9 <\/span><span class=\"BZ_Pyq_fadeIn\">h\u1ee3p <\/span><span class=\"BZ_Pyq_fadeIn\">nhi\u1ec1u <\/span><span class=\"BZ_Pyq_fadeIn\">phong <\/span><span class=\"BZ_Pyq_fadeIn\">c\u00e1ch<\/span><\/p>\n<\/li>\n<li data-section-id=\"2lhjk5\" data-start=\"767\" data-end=\"811\">\n<p data-start=\"769\" data-end=\"811\"><span class=\"BZ_Pyq_fadeIn\">H\u1ed9p <\/span><span class=\"BZ_Pyq_fadeIn\">qu\u00e0 <\/span><span class=\"BZ_Pyq_fadeIn\">g\u1ecdn <\/span><span class=\"BZ_Pyq_fadeIn\">g\u00e0ng, <\/span><span class=\"BZ_Pyq_fadeIn\">th\u00edch <\/span><span class=\"BZ_Pyq_fadeIn\">h\u1ee3p <\/span><span class=\"BZ_Pyq_fadeIn\">l\u00e0m <\/span><span class=\"BZ_Pyq_fadeIn\">qu\u00e0 <\/span><span class=\"BZ_Pyq_fadeIn\">t\u1eb7ng<\/span><\/p>\n<\/li>\n<\/ul>\n<p data-start=\"813\" data-end=\"833\"><strong data-start=\"813\" data-end=\"833\"><span class=\"BZ_Pyq_fadeIn\">Ph\u00f9 <\/span><span class=\"BZ_Pyq_fadeIn\">h\u1ee3p <\/span><span class=\"BZ_Pyq_fadeIn\">s\u1eed <\/span><span class=\"BZ_Pyq_fadeIn\">d\u1ee5ng:<\/span><\/strong><\/p>\n<ul data-start=\"834\" data-end=\"950\">\n<li data-section-id=\"19bqhoh\" data-start=\"834\" data-end=\"877\">\n<p data-start=\"836\" data-end=\"877\"><span class=\"BZ_Pyq_fadeIn\">L\u00e0m <\/span><span class=\"BZ_Pyq_fadeIn\">qu\u00e0 <\/span><span class=\"BZ_Pyq_fadeIn\">t\u1eb7ng <\/span><span class=\"BZ_Pyq_fadeIn\">sinh <\/span><span class=\"BZ_Pyq_fadeIn\">nh\u1eadt, <\/span><span class=\"BZ_Pyq_fadeIn\">qu\u00e0 <\/span><span class=\"BZ_Pyq_fadeIn\">t\u1eb7ng <\/span><span class=\"BZ_Pyq_fadeIn\">b\u1ea1n <\/span><span class=\"BZ_Pyq_fadeIn\">b\u00e8<\/span><\/p>\n<\/li>\n<li data-section-id=\"ab174t\" data-start=\"878\" data-end=\"913\">\n<p data-start=\"880\" data-end=\"913\"><span class=\"BZ_Pyq_fadeIn\">Trang <\/span><span class=\"BZ_Pyq_fadeIn\">tr\u00ed <\/span><span class=\"BZ_Pyq_fadeIn\">b\u00e0n <\/span><span class=\"BZ_Pyq_fadeIn\">h\u1ecdc, <\/span><span class=\"BZ_Pyq_fadeIn\">b\u00e0n <\/span><span class=\"BZ_Pyq_fadeIn\">l\u00e0m <\/span><span class=\"BZ_Pyq_fadeIn\">vi\u1ec7c<\/span><\/p>\n<\/li>\n<li data-section-id=\"1pfrdkv\" data-start=\"914\" data-end=\"950\">\n<p data-start=\"916\" data-end=\"950\"><span class=\"BZ_Pyq_fadeIn\">L\u00e0m <\/span><span class=\"BZ_Pyq_fadeIn\">ph\u1ee5 <\/span><span class=\"BZ_Pyq_fadeIn\">ki\u1ec7n <\/span><span class=\"BZ_Pyq_fadeIn\">trang <\/span><span class=\"BZ_Pyq_fadeIn\">tr\u00ed <\/span><span class=\"BZ_Pyq_fadeIn\">d\u1ec5 <\/span><span class=\"BZ_Pyq_fadeIn\">th\u01b0\u01a1ng<\/span><\/p>\n<\/li>\n<\/ul>\n<p data-start=\"952\" data-end=\"1075\" data-is-last-node=\"\" data-is-only-node=\"\"><span class=\"BZ_Pyq_fadeIn\">M\u1ed9t <\/span><span class=\"BZ_Pyq_fadeIn\">m\u00f3n <\/span><span class=\"BZ_Pyq_fadeIn\">\u0111\u1ed3 <\/span><span class=\"BZ_Pyq_fadeIn\">handmade <\/span><span class=\"BZ_Pyq_fadeIn\">nh\u1ecf <\/span><span class=\"BZ_Pyq_fadeIn\">xinh <\/span><span class=\"BZ_Pyq_fadeIn\">nh\u01b0ng <\/span><span class=\"BZ_Pyq_fadeIn\">ch\u1ee9a <\/span><span class=\"BZ_Pyq_fadeIn\">\u0111\u1ef1ng <\/span><span class=\"BZ_Pyq_fadeIn\">nhi\u1ec1u <\/span><span class=\"BZ_Pyq_fadeIn\">s\u1ef1 <\/span><span class=\"BZ_Pyq_fadeIn\">tinh <\/span><span class=\"BZ_Pyq_fadeIn\">t\u1ebf, <\/span><span class=\"BZ_Pyq_fadeIn\">gi\u00fap <\/span><span class=\"BZ_Pyq_fadeIn\">mang <\/span><span class=\"BZ_Pyq_fadeIn\">l\u1ea1i <\/span><span class=\"BZ_Pyq_fadeIn\">c\u1ea3m <\/span><span class=\"BZ_Pyq_fadeIn\">gi\u00e1c <\/span><span class=\"BZ_Pyq_fadeIn\">\u1ea5m <\/span><span class=\"BZ_Pyq_fadeIn\">\u00e1p <\/span><span class=\"BZ_Pyq_fadeIn\">v\u00e0 <\/span><span class=\"BZ_Pyq_fadeIn\">ni\u1ec1m <\/span><span class=\"BZ_Pyq_fadeIn\">vui <\/span><span class=\"BZ_Pyq_fadeIn\">cho <\/span><span class=\"BZ_Pyq_fadeIn\">ng\u01b0\u1eddi <\/span><span class=\"BZ_Pyq_fadeIn\">nh\u1eadn. \ud83e\uddf8\u2728<\/span><\/p>\n","protected":false},"excerpt":{"rendered":"<p>Little Crochet Friends l\u00e0 nh\u1eefng ch\u00fa th\u00fa len mini \u0111\u01b0\u1ee3c m\u00f3c th\u1ee7 c\u00f4ng t\u1ec9 m\u1ec9 t\u1eeb s\u1ee3i len m\u1ec1m m\u1ea1i, mang phong c\u00e1ch \u0111\u00e1ng y\u00eau v\u00e0 \u1ea5m \u00e1p. V\u1edbi thi\u1ebft k\u1ebf nh\u1ecf g\u1ecdn c\u00f9ng m\u00e0u s\u1eafc nh\u1eb9 nh\u00e0ng, s\u1ea3n ph\u1ea9m kh\u00f4ng ch\u1ec9 l\u00e0 m\u00f3n \u0111\u1ed3 trang tr\u00ed xinh x\u1eafn m\u00e0 c\u00f2n l\u00e0 m\u00f3n qu\u00e0 \u00fd [&#8230;]\n","protected":false},"featured_media":195,"comment_status":"open","ping_status":"closed","template":"","meta":[],"product_brand":[],"product_cat":[21],"product_tag":[],"class_list":{"0":"post-194","1":"product","2":"type-product","3":"status-publish","4":"has-post-thumbnail","6":"product_cat-len-nho-xinh","8":"first","9":"instock","10":"sale","11":"shipping-taxable","12":"purchasable","13":"product-type-simple"},"yoast_head":"<!-- This site is optimized with the Yoast SEO plugin v27.3 - https:\/\/yoast.com\/product\/yoast-seo-wordpress\/ -->\n<title>Cute Crochet Animal \u2013 Th\u00fa Len Handmade Mini -<\/title>\n<meta name=\"robots\" content=\"index, follow, max-snippet:-1, max-image-preview:large, max-video-preview:-1\" \/>\n<link rel=\"canonical\" href=\"https:\/\/nganhandmade.io.vn\/?product=cute-crochet-animal-thu-len-handmade-mini\" \/>\n<meta property=\"og:locale\" content=\"vi_VN\" \/>\n<meta property=\"og:type\" content=\"article\" \/>\n<meta property=\"og:title\" content=\"Cute Crochet Animal \u2013 Th\u00fa Len Handmade Mini -\" \/>\n<meta property=\"og:description\" content=\"Little Crochet Friends l\u00e0 nh\u1eefng ch\u00fa th\u00fa len mini \u0111\u01b0\u1ee3c m\u00f3c th\u1ee7 c\u00f4ng t\u1ec9 m\u1ec9 t\u1eeb s\u1ee3i len m\u1ec1m m\u1ea1i, mang phong c\u00e1ch \u0111\u00e1ng y\u00eau v\u00e0 \u1ea5m \u00e1p. V\u1edbi thi\u1ebft k\u1ebf nh\u1ecf g\u1ecdn c\u00f9ng m\u00e0u s\u1eafc nh\u1eb9 nh\u00e0ng, s\u1ea3n ph\u1ea9m kh\u00f4ng ch\u1ec9 l\u00e0 m\u00f3n \u0111\u1ed3 trang tr\u00ed xinh x\u1eafn m\u00e0 c\u00f2n l\u00e0 m\u00f3n qu\u00e0 \u00fd [...]\" \/>\n<meta property=\"og:url\" content=\"https:\/\/nganhandmade.io.vn\/?product=cute-crochet-animal-thu-len-handmade-mini\" \/>\n<meta property=\"article:modified_time\" content=\"2026-03-19T22:32:43+00:00\" \/>\n<meta property=\"og:image\" content=\"https:\/\/nganhandmade.io.vn\/wp-content\/uploads\/2026\/03\/5472a4d48fa3f0a438bd56bf60efcad0.jpg\" \/>\n\t<meta property=\"og:image:width\" content=\"604\" \/>\n\t<meta property=\"og:image:height\" content=\"604\" \/>\n\t<meta property=\"og:image:type\" content=\"image\/jpeg\" \/>\n<meta name=\"twitter:card\" content=\"summary_large_image\" \/>\n<meta name=\"twitter:label1\" content=\"\u01af\u1edbc t\u00ednh th\u1eddi gian \u0111\u1ecdc\" \/>\n\t<meta name=\"twitter:data1\" content=\"2 ph\u00fat\" \/>\n<script type=\"application\/ld+json\" class=\"yoast-schema-graph\">{\"@context\":\"https:\\\/\\\/schema.org\",\"@graph\":[{\"@type\":\"WebPage\",\"@id\":\"https:\\\/\\\/nganhandmade.io.vn\\\/?product=cute-crochet-animal-thu-len-handmade-mini\",\"url\":\"https:\\\/\\\/nganhandmade.io.vn\\\/?product=cute-crochet-animal-thu-len-handmade-mini\",\"name\":\"Cute Crochet Animal \u2013 Th\u00fa Len Handmade Mini -\",\"isPartOf\":{\"@id\":\"https:\\\/\\\/nganhandmade.io.vn\\\/#website\"},\"primaryImageOfPage\":{\"@id\":\"https:\\\/\\\/nganhandmade.io.vn\\\/?product=cute-crochet-animal-thu-len-handmade-mini#primaryimage\"},\"image\":{\"@id\":\"https:\\\/\\\/nganhandmade.io.vn\\\/?product=cute-crochet-animal-thu-len-handmade-mini#primaryimage\"},\"thumbnailUrl\":\"https:\\\/\\\/nganhandmade.io.vn\\\/wp-content\\\/uploads\\\/2026\\\/03\\\/5472a4d48fa3f0a438bd56bf60efcad0.jpg\",\"datePublished\":\"2026-03-12T18:57:51+00:00\",\"dateModified\":\"2026-03-19T22:32:43+00:00\",\"breadcrumb\":{\"@id\":\"https:\\\/\\\/nganhandmade.io.vn\\\/?product=cute-crochet-animal-thu-len-handmade-mini#breadcrumb\"},\"inLanguage\":\"vi\",\"potentialAction\":[{\"@type\":\"ReadAction\",\"target\":[\"https:\\\/\\\/nganhandmade.io.vn\\\/?product=cute-crochet-animal-thu-len-handmade-mini\"]}]},{\"@type\":\"ImageObject\",\"inLanguage\":\"vi\",\"@id\":\"https:\\\/\\\/nganhandmade.io.vn\\\/?product=cute-crochet-animal-thu-len-handmade-mini#primaryimage\",\"url\":\"https:\\\/\\\/nganhandmade.io.vn\\\/wp-content\\\/uploads\\\/2026\\\/03\\\/5472a4d48fa3f0a438bd56bf60efcad0.jpg\",\"contentUrl\":\"https:\\\/\\\/nganhandmade.io.vn\\\/wp-content\\\/uploads\\\/2026\\\/03\\\/5472a4d48fa3f0a438bd56bf60efcad0.jpg\",\"width\":604,\"height\":604},{\"@type\":\"BreadcrumbList\",\"@id\":\"https:\\\/\\\/nganhandmade.io.vn\\\/?product=cute-crochet-animal-thu-len-handmade-mini#breadcrumb\",\"itemListElement\":[{\"@type\":\"ListItem\",\"position\":1,\"name\":\"Trang ch\u1ee7\",\"item\":\"https:\\\/\\\/nganhandmade.io.vn\\\/\"},{\"@type\":\"ListItem\",\"position\":2,\"name\":\"Shop\",\"item\":\"https:\\\/\\\/nganhandmade.io.vn\\\/?page_id=93\"},{\"@type\":\"ListItem\",\"position\":3,\"name\":\"Cute Crochet Animal \u2013 Th\u00fa Len Handmade Mini\"}]},{\"@type\":\"WebSite\",\"@id\":\"https:\\\/\\\/nganhandmade.io.vn\\\/#website\",\"url\":\"https:\\\/\\\/nganhandmade.io.vn\\\/\",\"name\":\"\",\"description\":\"\",\"potentialAction\":[{\"@type\":\"SearchAction\",\"target\":{\"@type\":\"EntryPoint\",\"urlTemplate\":\"https:\\\/\\\/nganhandmade.io.vn\\\/?s={search_term_string}\"},\"query-input\":{\"@type\":\"PropertyValueSpecification\",\"valueRequired\":true,\"valueName\":\"search_term_string\"}}],\"inLanguage\":\"vi\"}]}<\/script>\n<!-- \/ Yoast SEO plugin. -->","yoast_head_json":{"title":"Cute Crochet Animal \u2013 Th\u00fa Len Handmade Mini -","robots":{"index":"index","follow":"follow","max-snippet":"max-snippet:-1","max-image-preview":"max-image-preview:large","max-video-preview":"max-video-preview:-1"},"canonical":"https:\/\/nganhandmade.io.vn\/?product=cute-crochet-animal-thu-len-handmade-mini","og_locale":"vi_VN","og_type":"article","og_title":"Cute Crochet Animal \u2013 Th\u00fa Len Handmade Mini -","og_description":"Little Crochet Friends l\u00e0 nh\u1eefng ch\u00fa th\u00fa len mini \u0111\u01b0\u1ee3c m\u00f3c th\u1ee7 c\u00f4ng t\u1ec9 m\u1ec9 t\u1eeb s\u1ee3i len m\u1ec1m m\u1ea1i, mang phong c\u00e1ch \u0111\u00e1ng y\u00eau v\u00e0 \u1ea5m \u00e1p. V\u1edbi thi\u1ebft k\u1ebf nh\u1ecf g\u1ecdn c\u00f9ng m\u00e0u s\u1eafc nh\u1eb9 nh\u00e0ng, s\u1ea3n ph\u1ea9m kh\u00f4ng ch\u1ec9 l\u00e0 m\u00f3n \u0111\u1ed3 trang tr\u00ed xinh x\u1eafn m\u00e0 c\u00f2n l\u00e0 m\u00f3n qu\u00e0 \u00fd [...]","og_url":"https:\/\/nganhandmade.io.vn\/?product=cute-crochet-animal-thu-len-handmade-mini","article_modified_time":"2026-03-19T22:32:43+00:00","og_image":[{"width":604,"height":604,"url":"https:\/\/nganhandmade.io.vn\/wp-content\/uploads\/2026\/03\/5472a4d48fa3f0a438bd56bf60efcad0.jpg","type":"image\/jpeg"}],"twitter_card":"summary_large_image","twitter_misc":{"\u01af\u1edbc t\u00ednh th\u1eddi gian \u0111\u1ecdc":"2 ph\u00fat"},"schema":{"@context":"https:\/\/schema.org","@graph":[{"@type":"WebPage","@id":"https:\/\/nganhandmade.io.vn\/?product=cute-crochet-animal-thu-len-handmade-mini","url":"https:\/\/nganhandmade.io.vn\/?product=cute-crochet-animal-thu-len-handmade-mini","name":"Cute Crochet Animal \u2013 Th\u00fa Len Handmade Mini -","isPartOf":{"@id":"https:\/\/nganhandmade.io.vn\/#website"},"primaryImageOfPage":{"@id":"https:\/\/nganhandmade.io.vn\/?product=cute-crochet-animal-thu-len-handmade-mini#primaryimage"},"image":{"@id":"https:\/\/nganhandmade.io.vn\/?product=cute-crochet-animal-thu-len-handmade-mini#primaryimage"},"thumbnailUrl":"https:\/\/nganhandmade.io.vn\/wp-content\/uploads\/2026\/03\/5472a4d48fa3f0a438bd56bf60efcad0.jpg","datePublished":"2026-03-12T18:57:51+00:00","dateModified":"2026-03-19T22:32:43+00:00","breadcrumb":{"@id":"https:\/\/nganhandmade.io.vn\/?product=cute-crochet-animal-thu-len-handmade-mini#breadcrumb"},"inLanguage":"vi","potentialAction":[{"@type":"ReadAction","target":["https:\/\/nganhandmade.io.vn\/?product=cute-crochet-animal-thu-len-handmade-mini"]}]},{"@type":"ImageObject","inLanguage":"vi","@id":"https:\/\/nganhandmade.io.vn\/?product=cute-crochet-animal-thu-len-handmade-mini#primaryimage","url":"https:\/\/nganhandmade.io.vn\/wp-content\/uploads\/2026\/03\/5472a4d48fa3f0a438bd56bf60efcad0.jpg","contentUrl":"https:\/\/nganhandmade.io.vn\/wp-content\/uploads\/2026\/03\/5472a4d48fa3f0a438bd56bf60efcad0.jpg","width":604,"height":604},{"@type":"BreadcrumbList","@id":"https:\/\/nganhandmade.io.vn\/?product=cute-crochet-animal-thu-len-handmade-mini#breadcrumb","itemListElement":[{"@type":"ListItem","position":1,"name":"Trang ch\u1ee7","item":"https:\/\/nganhandmade.io.vn\/"},{"@type":"ListItem","position":2,"name":"Shop","item":"https:\/\/nganhandmade.io.vn\/?page_id=93"},{"@type":"ListItem","position":3,"name":"Cute Crochet Animal \u2013 Th\u00fa Len Handmade Mini"}]},{"@type":"WebSite","@id":"https:\/\/nganhandmade.io.vn\/#website","url":"https:\/\/nganhandmade.io.vn\/","name":"","description":"","potentialAction":[{"@type":"SearchAction","target":{"@type":"EntryPoint","urlTemplate":"https:\/\/nganhandmade.io.vn\/?s={search_term_string}"},"query-input":{"@type":"PropertyValueSpecification","valueRequired":true,"valueName":"search_term_string"}}],"inLanguage":"vi"}]}},"jetpack_sharing_enabled":true,"_links":{"self":[{"href":"https:\/\/nganhandmade.io.vn\/index.php?rest_route=\/wp\/v2\/product\/194","targetHints":{"allow":["GET"]}}],"collection":[{"href":"https:\/\/nganhandmade.io.vn\/index.php?rest_route=\/wp\/v2\/product"}],"about":[{"href":"https:\/\/nganhandmade.io.vn\/index.php?rest_route=\/wp\/v2\/types\/product"}],"replies":[{"embeddable":true,"href":"https:\/\/nganhandmade.io.vn\/index.php?rest_route=%2Fwp%2Fv2%2Fcomments&post=194"}],"wp:featuredmedia":[{"embeddable":true,"href":"https:\/\/nganhandmade.io.vn\/index.php?rest_route=\/wp\/v2\/media\/195"}],"wp:attachment":[{"href":"https:\/\/nganhandmade.io.vn\/index.php?rest_route=%2Fwp%2Fv2%2Fmedia&parent=194"}],"wp:term":[{"taxonomy":"product_brand","embeddable":true,"href":"https:\/\/nganhandmade.io.vn\/index.php?rest_route=%2Fwp%2Fv2%2Fproduct_brand&post=194"},{"taxonomy":"product_cat","embeddable":true,"href":"https:\/\/nganhandmade.io.vn\/index.php?rest_route=%2Fwp%2Fv2%2Fproduct_cat&post=194"},{"taxonomy":"product_tag","embeddable":true,"href":"https:\/\/nganhandmade.io.vn\/index.php?rest_route=%2Fwp%2Fv2%2Fproduct_tag&post=194"}],"curies":[{"name":"wp","href":"https:\/\/api.w.org\/{rel}","templated":true}]}}