{"id":50,"date":"2026-02-25T16:51:24","date_gmt":"2026-02-25T16:51:24","guid":{"rendered":"https:\/\/nganhandmade.io.vn\/?page_id=50"},"modified":"2026-03-19T22:43:35","modified_gmt":"2026-03-19T22:43:35","slug":"combo-set-xinh-xan","status":"publish","type":"page","link":"https:\/\/nganhandmade.io.vn\/?page_id=50","title":{"rendered":"Combo &#038; set xinh x\u1eafn"},"content":{"rendered":"\t\n  \n    <div class=\"row large-columns-4 medium-columns-3 small-columns-2 row-small slider row-slider slider-nav-reveal slider-nav-push\"  data-flickity-options='{&quot;imagesLoaded&quot;: true, &quot;groupCells&quot;: &quot;100%&quot;, &quot;dragThreshold&quot; : 5, &quot;cellAlign&quot;: &quot;left&quot;,&quot;wrapAround&quot;: true,&quot;prevNextButtons&quot;: true,&quot;percentPosition&quot;: true,&quot;pageDots&quot;: false, &quot;rightToLeft&quot;: false, &quot;autoPlay&quot; : false}' >\n\n  \n\t     <div class=\"product-small col has-hover product type-product post-280 status-publish first instock product_cat-comboset-xinh-xan has-post-thumbnail shipping-taxable purchasable product-type-variable\">\n\t<div class=\"col-inner\">\n\t\n<div class=\"badge-container absolute left top z-1\">\n\n<\/div>\n\t<div class=\"product-small box \">\n\t\t<div class=\"box-image\">\n\t\t\t<div class=\"image-fade_in_back\">\n\t\t\t\t<a href=\"https:\/\/nganhandmade.io.vn\/?product=set-phu-kien-toc-pastel-bang-do-kep-toc-han-quoc\" aria-label=\"Set ph\u1ee5 ki\u1ec7n t\u00f3c Pastel \u2013 B\u0103ng \u0111\u00f4 &amp; K\u1eb9p t\u00f3c H\u00e0n Qu\u1ed1c\">\n\t\t\t\t\t<img loading=\"lazy\" decoding=\"async\" width=\"300\" height=\"300\" src=\"https:\/\/nganhandmade.io.vn\/wp-content\/uploads\/2026\/03\/53ac5248b35793e196463f170fbc9f8b-300x300.jpg\" class=\"attachment-woocommerce_thumbnail size-woocommerce_thumbnail\" alt=\"Set ph\u1ee5 ki\u1ec7n t\u00f3c Pastel \u2013 B\u0103ng \u0111\u00f4 &amp; K\u1eb9p t\u00f3c H\u00e0n Qu\u1ed1c\" srcset=\"https:\/\/nganhandmade.io.vn\/wp-content\/uploads\/2026\/03\/53ac5248b35793e196463f170fbc9f8b-300x300.jpg 300w, https:\/\/nganhandmade.io.vn\/wp-content\/uploads\/2026\/03\/53ac5248b35793e196463f170fbc9f8b-150x150.jpg 150w, https:\/\/nganhandmade.io.vn\/wp-content\/uploads\/2026\/03\/53ac5248b35793e196463f170fbc9f8b-100x100.jpg 100w\" sizes=\"auto, (max-width: 300px) 100vw, 300px\" \/><img loading=\"lazy\" decoding=\"async\" width=\"300\" height=\"300\" src=\"https:\/\/nganhandmade.io.vn\/wp-content\/uploads\/2026\/03\/51be244e6f1518675e5cbec3023a4e83-300x300.jpg\" class=\"show-on-hover absolute fill hide-for-small back-image\" alt=\"\" srcset=\"https:\/\/nganhandmade.io.vn\/wp-content\/uploads\/2026\/03\/51be244e6f1518675e5cbec3023a4e83-300x300.jpg 300w, https:\/\/nganhandmade.io.vn\/wp-content\/uploads\/2026\/03\/51be244e6f1518675e5cbec3023a4e83-150x150.jpg 150w, https:\/\/nganhandmade.io.vn\/wp-content\/uploads\/2026\/03\/51be244e6f1518675e5cbec3023a4e83-100x100.jpg 100w\" sizes=\"auto, (max-width: 300px) 100vw, 300px\" \/>\t\t\t\t<\/a>\n\t\t\t<\/div>\n\t\t\t<div class=\"image-tools is-small top right show-on-hover\">\n\t\t\t\t\t\t\t<\/div>\n\t\t\t<div class=\"image-tools is-small hide-for-small bottom left show-on-hover\">\n\t\t\t\t\t\t\t<\/div>\n\t\t\t<div class=\"image-tools grid-tools text-center hide-for-small bottom hover-slide-in show-on-hover\">\n\t\t\t\t  <a class=\"quick-view\" data-prod=\"280\" href=\"#quick-view\">Xem nhanh<\/a>\t\t\t<\/div>\n\t\t\t\t\t<\/div>\n\n\t\t<div class=\"box-text box-text-products text-center grid-style-2\">\n\t\t\t<div class=\"title-wrapper\">\t\t<p class=\"category uppercase is-smaller no-text-overflow product-cat op-7\">\n\t\t\tCOMBO&amp;SET XINH X\u1eaeN\t\t<\/p>\n\t<p class=\"name product-title woocommerce-loop-product__title\"><a href=\"https:\/\/nganhandmade.io.vn\/?product=set-phu-kien-toc-pastel-bang-do-kep-toc-han-quoc\" class=\"woocommerce-LoopProduct-link woocommerce-loop-product__link\">Set ph\u1ee5 ki\u1ec7n t\u00f3c Pastel \u2013 B\u0103ng \u0111\u00f4 &#038; K\u1eb9p t\u00f3c H\u00e0n Qu\u1ed1c<\/a><\/p><\/div><div class=\"price-wrapper\">\n\t<span class=\"price\"><span class=\"woocommerce-Price-amount amount\"><bdi>69.000&nbsp;<span class=\"woocommerce-Price-currencySymbol\">&#8363;<\/span><\/bdi><\/span><\/span>\n<\/div>\t\t<\/div>\n\t<\/div>\n\t\t<\/div>\n<\/div><div class=\"product-small col has-hover product type-product post-189 status-publish instock product_cat-comboset-xinh-xan has-post-thumbnail sale shipping-taxable purchasable product-type-variable\">\n\t<div class=\"col-inner\">\n\t\n<div class=\"badge-container absolute left top z-1\">\n<div class=\"callout badge badge-circle\"><div class=\"badge-inner secondary on-sale\"><span class=\"onsale\">-38%<\/span><\/div><\/div>\n<\/div>\n\t<div class=\"product-small box \">\n\t\t<div class=\"box-image\">\n\t\t\t<div class=\"image-fade_in_back\">\n\t\t\t\t<a href=\"https:\/\/nganhandmade.io.vn\/?product=sweet-pink-set-set-hong-ngot-ngao\" aria-label=\"Sweet Pink Set \u2013 Set H\u1ed3ng Ng\u1ecdt Ng\u00e0o\">\n\t\t\t\t\t<img loading=\"lazy\" decoding=\"async\" width=\"300\" height=\"300\" src=\"https:\/\/nganhandmade.io.vn\/wp-content\/uploads\/2026\/03\/f445a6a56e56b9e56cc146b444f6f9df-300x300.jpg\" class=\"attachment-woocommerce_thumbnail size-woocommerce_thumbnail\" alt=\"Sweet Pink Set \u2013 Set H\u1ed3ng Ng\u1ecdt Ng\u00e0o\" srcset=\"https:\/\/nganhandmade.io.vn\/wp-content\/uploads\/2026\/03\/f445a6a56e56b9e56cc146b444f6f9df-300x300.jpg 300w, https:\/\/nganhandmade.io.vn\/wp-content\/uploads\/2026\/03\/f445a6a56e56b9e56cc146b444f6f9df-150x150.jpg 150w, https:\/\/nganhandmade.io.vn\/wp-content\/uploads\/2026\/03\/f445a6a56e56b9e56cc146b444f6f9df-600x600.jpg 600w, https:\/\/nganhandmade.io.vn\/wp-content\/uploads\/2026\/03\/f445a6a56e56b9e56cc146b444f6f9df-100x100.jpg 100w, https:\/\/nganhandmade.io.vn\/wp-content\/uploads\/2026\/03\/f445a6a56e56b9e56cc146b444f6f9df.jpg 736w\" sizes=\"auto, (max-width: 300px) 100vw, 300px\" \/><img loading=\"lazy\" decoding=\"async\" width=\"300\" height=\"300\" src=\"https:\/\/nganhandmade.io.vn\/wp-content\/uploads\/2026\/03\/db4acbf594aa97e6ebfd86864f970556-300x300.jpg\" class=\"show-on-hover absolute fill hide-for-small back-image\" alt=\"\" srcset=\"https:\/\/nganhandmade.io.vn\/wp-content\/uploads\/2026\/03\/db4acbf594aa97e6ebfd86864f970556-300x300.jpg 300w, https:\/\/nganhandmade.io.vn\/wp-content\/uploads\/2026\/03\/db4acbf594aa97e6ebfd86864f970556-150x150.jpg 150w, https:\/\/nganhandmade.io.vn\/wp-content\/uploads\/2026\/03\/db4acbf594aa97e6ebfd86864f970556-100x100.jpg 100w\" sizes=\"auto, (max-width: 300px) 100vw, 300px\" \/>\t\t\t\t<\/a>\n\t\t\t<\/div>\n\t\t\t<div class=\"image-tools is-small top right show-on-hover\">\n\t\t\t\t\t\t\t<\/div>\n\t\t\t<div class=\"image-tools is-small hide-for-small bottom left show-on-hover\">\n\t\t\t\t\t\t\t<\/div>\n\t\t\t<div class=\"image-tools grid-tools text-center hide-for-small bottom hover-slide-in show-on-hover\">\n\t\t\t\t  <a class=\"quick-view\" data-prod=\"189\" href=\"#quick-view\">Xem nhanh<\/a>\t\t\t<\/div>\n\t\t\t\t\t<\/div>\n\n\t\t<div class=\"box-text box-text-products text-center grid-style-2\">\n\t\t\t<div class=\"title-wrapper\">\t\t<p class=\"category uppercase is-smaller no-text-overflow product-cat op-7\">\n\t\t\tCOMBO&amp;SET XINH X\u1eaeN\t\t<\/p>\n\t<p class=\"name product-title woocommerce-loop-product__title\"><a href=\"https:\/\/nganhandmade.io.vn\/?product=sweet-pink-set-set-hong-ngot-ngao\" class=\"woocommerce-LoopProduct-link woocommerce-loop-product__link\">Sweet Pink Set \u2013 Set H\u1ed3ng Ng\u1ecdt Ng\u00e0o<\/a><\/p><\/div><div class=\"price-wrapper\">\n\t<span class=\"price\"><span class=\"woocommerce-Price-amount amount\" aria-hidden=\"true\"><bdi>265.000&nbsp;<span class=\"woocommerce-Price-currencySymbol\">&#8363;<\/span><\/bdi><\/span> <span aria-hidden=\"true\">&ndash;<\/span> <span class=\"woocommerce-Price-amount amount\" aria-hidden=\"true\"><bdi>340.000&nbsp;<span class=\"woocommerce-Price-currencySymbol\">&#8363;<\/span><\/bdi><\/span><span class=\"screen-reader-text\">Kho\u1ea3ng gi\u00e1: t\u1eeb 265.000&nbsp;&#8363; \u0111\u1ebfn 340.000&nbsp;&#8363;<\/span><\/span>\n<\/div>\t\t<\/div>\n\t<\/div>\n\t\t<\/div>\n<\/div><div class=\"product-small col has-hover product type-product post-120 status-publish last instock product_cat-comboset-xinh-xan has-post-thumbnail sale shipping-taxable purchasable product-type-simple\">\n\t<div class=\"col-inner\">\n\t\n<div class=\"badge-container absolute left top z-1\">\n<div class=\"callout badge badge-circle\"><div class=\"badge-inner secondary on-sale\"><span class=\"onsale\">-16%<\/span><\/div><\/div>\n<\/div>\n\t<div class=\"product-small box \">\n\t\t<div class=\"box-image\">\n\t\t\t<div class=\"image-fade_in_back\">\n\t\t\t\t<a href=\"https:\/\/nganhandmade.io.vn\/?product=set-qua-tang-nen-va-hoa-sweet-memory\" aria-label=\"Set qu\u00e0 t\u1eb7ng n\u1ebfn v\u00e0 hoa Sweet Memory\">\n\t\t\t\t\t<img loading=\"lazy\" decoding=\"async\" width=\"300\" height=\"300\" src=\"https:\/\/nganhandmade.io.vn\/wp-content\/uploads\/2026\/02\/f73608da728f8af1b0bfe45c2cef3449-300x300.jpg\" class=\"attachment-woocommerce_thumbnail size-woocommerce_thumbnail\" alt=\"Set qu\u00e0 t\u1eb7ng n\u1ebfn v\u00e0 hoa Sweet Memory\" srcset=\"https:\/\/nganhandmade.io.vn\/wp-content\/uploads\/2026\/02\/f73608da728f8af1b0bfe45c2cef3449-300x300.jpg 300w, https:\/\/nganhandmade.io.vn\/wp-content\/uploads\/2026\/02\/f73608da728f8af1b0bfe45c2cef3449-100x100.jpg 100w, https:\/\/nganhandmade.io.vn\/wp-content\/uploads\/2026\/02\/f73608da728f8af1b0bfe45c2cef3449-600x600.jpg 600w, https:\/\/nganhandmade.io.vn\/wp-content\/uploads\/2026\/02\/f73608da728f8af1b0bfe45c2cef3449-150x150.jpg 150w, https:\/\/nganhandmade.io.vn\/wp-content\/uploads\/2026\/02\/f73608da728f8af1b0bfe45c2cef3449-768x768.jpg 768w, https:\/\/nganhandmade.io.vn\/wp-content\/uploads\/2026\/02\/f73608da728f8af1b0bfe45c2cef3449.jpg 1024w\" sizes=\"auto, (max-width: 300px) 100vw, 300px\" \/><img loading=\"lazy\" decoding=\"async\" width=\"75\" height=\"100\" src=\"https:\/\/nganhandmade.io.vn\/wp-content\/uploads\/2026\/02\/77ce280c0e9ff6c1af8e_e1e3bbbceb4c4e04ad0b52e19e450483_small.jpg\" class=\"show-on-hover absolute fill hide-for-small back-image\" alt=\"\" \/>\t\t\t\t<\/a>\n\t\t\t<\/div>\n\t\t\t<div class=\"image-tools is-small top right show-on-hover\">\n\t\t\t\t\t\t\t<\/div>\n\t\t\t<div class=\"image-tools is-small hide-for-small bottom left show-on-hover\">\n\t\t\t\t\t\t\t<\/div>\n\t\t\t<div class=\"image-tools grid-tools text-center hide-for-small bottom hover-slide-in show-on-hover\">\n\t\t\t\t  <a class=\"quick-view\" data-prod=\"120\" href=\"#quick-view\">Xem nhanh<\/a>\t\t\t<\/div>\n\t\t\t\t\t<\/div>\n\n\t\t<div class=\"box-text box-text-products text-center grid-style-2\">\n\t\t\t<div class=\"title-wrapper\">\t\t<p class=\"category uppercase is-smaller no-text-overflow product-cat op-7\">\n\t\t\tCOMBO&amp;SET XINH X\u1eaeN\t\t<\/p>\n\t<p class=\"name product-title woocommerce-loop-product__title\"><a href=\"https:\/\/nganhandmade.io.vn\/?product=set-qua-tang-nen-va-hoa-sweet-memory\" class=\"woocommerce-LoopProduct-link woocommerce-loop-product__link\">Set qu\u00e0 t\u1eb7ng n\u1ebfn v\u00e0 hoa Sweet Memory<\/a><\/p><\/div><div class=\"price-wrapper\">\n\t<span class=\"price\"><del aria-hidden=\"true\"><span class=\"woocommerce-Price-amount amount\"><bdi>689.000&nbsp;<span class=\"woocommerce-Price-currencySymbol\">&#8363;<\/span><\/bdi><\/span><\/del> <span class=\"screen-reader-text\">Gi\u00e1 g\u1ed1c l\u00e0: 689.000&nbsp;&#8363;.<\/span><ins aria-hidden=\"true\"><span class=\"woocommerce-Price-amount amount\"><bdi>579.000&nbsp;<span class=\"woocommerce-Price-currencySymbol\">&#8363;<\/span><\/bdi><\/span><\/ins><span class=\"screen-reader-text\">Gi\u00e1 hi\u1ec7n t\u1ea1i l\u00e0: 579.000&nbsp;&#8363;.<\/span><\/span>\n<\/div>\t\t<\/div>\n\t<\/div>\n\t\t<\/div>\n<\/div><\/div>\n","protected":false},"excerpt":{"rendered":"","protected":false},"author":1,"featured_media":0,"parent":0,"menu_order":0,"comment_status":"closed","ping_status":"closed","template":"","meta":{"footnotes":""},"class_list":["post-50","page","type-page","status-publish","hentry"],"yoast_head":"<!-- This site is optimized with the Yoast SEO plugin v27.3 - https:\/\/yoast.com\/product\/yoast-seo-wordpress\/ -->\n<title>Combo &amp; set xinh x\u1eafn -<\/title>\n<meta name=\"robots\" content=\"index, follow, max-snippet:-1, max-image-preview:large, max-video-preview:-1\" \/>\n<link rel=\"canonical\" href=\"https:\/\/nganhandmade.io.vn\/?page_id=50\" \/>\n<meta property=\"og:locale\" content=\"vi_VN\" \/>\n<meta property=\"og:type\" content=\"article\" \/>\n<meta property=\"og:title\" content=\"Combo &amp; set xinh x\u1eafn -\" \/>\n<meta property=\"og:url\" content=\"https:\/\/nganhandmade.io.vn\/?page_id=50\" \/>\n<meta property=\"article:modified_time\" content=\"2026-03-19T22:43:35+00:00\" \/>\n<meta name=\"twitter:card\" content=\"summary_large_image\" \/>\n<script type=\"application\/ld+json\" class=\"yoast-schema-graph\">{\"@context\":\"https:\\\/\\\/schema.org\",\"@graph\":[{\"@type\":\"WebPage\",\"@id\":\"https:\\\/\\\/nganhandmade.io.vn\\\/?page_id=50\",\"url\":\"https:\\\/\\\/nganhandmade.io.vn\\\/?page_id=50\",\"name\":\"Combo & set xinh x\u1eafn -\",\"isPartOf\":{\"@id\":\"https:\\\/\\\/nganhandmade.io.vn\\\/#website\"},\"datePublished\":\"2026-02-25T16:51:24+00:00\",\"dateModified\":\"2026-03-19T22:43:35+00:00\",\"breadcrumb\":{\"@id\":\"https:\\\/\\\/nganhandmade.io.vn\\\/?page_id=50#breadcrumb\"},\"inLanguage\":\"vi\",\"potentialAction\":[{\"@type\":\"ReadAction\",\"target\":[\"https:\\\/\\\/nganhandmade.io.vn\\\/?page_id=50\"]}]},{\"@type\":\"BreadcrumbList\",\"@id\":\"https:\\\/\\\/nganhandmade.io.vn\\\/?page_id=50#breadcrumb\",\"itemListElement\":[{\"@type\":\"ListItem\",\"position\":1,\"name\":\"Trang ch\u1ee7\",\"item\":\"https:\\\/\\\/nganhandmade.io.vn\\\/\"},{\"@type\":\"ListItem\",\"position\":2,\"name\":\"Combo &#038; set xinh x\u1eafn\"}]},{\"@type\":\"WebSite\",\"@id\":\"https:\\\/\\\/nganhandmade.io.vn\\\/#website\",\"url\":\"https:\\\/\\\/nganhandmade.io.vn\\\/\",\"name\":\"\",\"description\":\"\",\"potentialAction\":[{\"@type\":\"SearchAction\",\"target\":{\"@type\":\"EntryPoint\",\"urlTemplate\":\"https:\\\/\\\/nganhandmade.io.vn\\\/?s={search_term_string}\"},\"query-input\":{\"@type\":\"PropertyValueSpecification\",\"valueRequired\":true,\"valueName\":\"search_term_string\"}}],\"inLanguage\":\"vi\"}]}<\/script>\n<!-- \/ Yoast SEO plugin. -->","yoast_head_json":{"title":"Combo & set xinh x\u1eafn -","robots":{"index":"index","follow":"follow","max-snippet":"max-snippet:-1","max-image-preview":"max-image-preview:large","max-video-preview":"max-video-preview:-1"},"canonical":"https:\/\/nganhandmade.io.vn\/?page_id=50","og_locale":"vi_VN","og_type":"article","og_title":"Combo & set xinh x\u1eafn -","og_url":"https:\/\/nganhandmade.io.vn\/?page_id=50","article_modified_time":"2026-03-19T22:43:35+00:00","twitter_card":"summary_large_image","schema":{"@context":"https:\/\/schema.org","@graph":[{"@type":"WebPage","@id":"https:\/\/nganhandmade.io.vn\/?page_id=50","url":"https:\/\/nganhandmade.io.vn\/?page_id=50","name":"Combo & set xinh x\u1eafn -","isPartOf":{"@id":"https:\/\/nganhandmade.io.vn\/#website"},"datePublished":"2026-02-25T16:51:24+00:00","dateModified":"2026-03-19T22:43:35+00:00","breadcrumb":{"@id":"https:\/\/nganhandmade.io.vn\/?page_id=50#breadcrumb"},"inLanguage":"vi","potentialAction":[{"@type":"ReadAction","target":["https:\/\/nganhandmade.io.vn\/?page_id=50"]}]},{"@type":"BreadcrumbList","@id":"https:\/\/nganhandmade.io.vn\/?page_id=50#breadcrumb","itemListElement":[{"@type":"ListItem","position":1,"name":"Trang ch\u1ee7","item":"https:\/\/nganhandmade.io.vn\/"},{"@type":"ListItem","position":2,"name":"Combo &#038; set xinh x\u1eafn"}]},{"@type":"WebSite","@id":"https:\/\/nganhandmade.io.vn\/#website","url":"https:\/\/nganhandmade.io.vn\/","name":"","description":"","potentialAction":[{"@type":"SearchAction","target":{"@type":"EntryPoint","urlTemplate":"https:\/\/nganhandmade.io.vn\/?s={search_term_string}"},"query-input":{"@type":"PropertyValueSpecification","valueRequired":true,"valueName":"search_term_string"}}],"inLanguage":"vi"}]}},"jetpack_sharing_enabled":true,"_links":{"self":[{"href":"https:\/\/nganhandmade.io.vn\/index.php?rest_route=\/wp\/v2\/pages\/50","targetHints":{"allow":["GET"]}}],"collection":[{"href":"https:\/\/nganhandmade.io.vn\/index.php?rest_route=\/wp\/v2\/pages"}],"about":[{"href":"https:\/\/nganhandmade.io.vn\/index.php?rest_route=\/wp\/v2\/types\/page"}],"author":[{"embeddable":true,"href":"https:\/\/nganhandmade.io.vn\/index.php?rest_route=\/wp\/v2\/users\/1"}],"replies":[{"embeddable":true,"href":"https:\/\/nganhandmade.io.vn\/index.php?rest_route=%2Fwp%2Fv2%2Fcomments&post=50"}],"version-history":[{"count":2,"href":"https:\/\/nganhandmade.io.vn\/index.php?rest_route=\/wp\/v2\/pages\/50\/revisions"}],"predecessor-version":[{"id":313,"href":"https:\/\/nganhandmade.io.vn\/index.php?rest_route=\/wp\/v2\/pages\/50\/revisions\/313"}],"wp:attachment":[{"href":"https:\/\/nganhandmade.io.vn\/index.php?rest_route=%2Fwp%2Fv2%2Fmedia&parent=50"}],"curies":[{"name":"wp","href":"https:\/\/api.w.org\/{rel}","templated":true}]}}